{"id":12,"date":"2013-08-29T19:00:08","date_gmt":"2013-08-29T17:00:08","guid":{"rendered":"http:\/\/pi-ramid.com\/de\/?page_id=12"},"modified":"2021-03-22T09:52:34","modified_gmt":"2021-03-22T07:52:34","slug":"ueber-uns","status":"publish","type":"page","link":"https:\/\/pi-ramid.com\/de\/ueber-uns\/","title":{"rendered":"\u00dcber uns"},"content":{"rendered":"<p><a href=\"http:\/\/pi-ramid.com\/de\/wp-content\/uploads\/sites\/3\/2013\/08\/Andrea+Wolf-trans.jpg\"><img loading=\"lazy\" class=\"alignnone size-full wp-image-456\" src=\"http:\/\/pi-ramid.com\/de\/wp-content\/uploads\/sites\/3\/2013\/08\/Andrea+Wolf-trans.jpg\" alt=\"Andrea+Wolf-trans\" width=\"197\" height=\"197\" srcset=\"https:\/\/pi-ramid.com\/de\/wp-content\/uploads\/sites\/3\/2013\/08\/Andrea+Wolf-trans.jpg 197w, https:\/\/pi-ramid.com\/de\/wp-content\/uploads\/sites\/3\/2013\/08\/Andrea+Wolf-trans-150x150.jpg 150w, https:\/\/pi-ramid.com\/de\/wp-content\/uploads\/sites\/3\/2013\/08\/Andrea+Wolf-trans-80x80.jpg 80w\" sizes=\"(max-width: 197px) 100vw, 197px\" \/><\/a><\/p>\n<p><span style=\"font-size: medium;\">Wir &#8211; das bin ich, Wolfgang, und meine Frau Andrea. Ich bin Grafik Designer und sie ist meine Muse.<br \/>\n<\/span><\/p>\n<p><a href=\"http:\/\/pi-ramid.com\/de\/wp-content\/uploads\/sites\/3\/2013\/08\/kinder-trans1.jpg\"><img loading=\"lazy\" class=\"alignnone size-full wp-image-459\" src=\"http:\/\/pi-ramid.com\/de\/wp-content\/uploads\/sites\/3\/2013\/08\/kinder-trans1.jpg\" alt=\"kinder-trans\" width=\"571\" height=\"428\" srcset=\"https:\/\/pi-ramid.com\/de\/wp-content\/uploads\/sites\/3\/2013\/08\/kinder-trans1.jpg 700w, https:\/\/pi-ramid.com\/de\/wp-content\/uploads\/sites\/3\/2013\/08\/kinder-trans1-300x225.jpg 300w\" sizes=\"(max-width: 571px) 100vw, 571px\" \/><\/a><\/p>\n<p><span style=\"font-size: medium;\">Unsere 5 Kinder sind inzwischen alle erwachsen und haben teilweise schon eigene Kinder. In unserer freien Zeit &#8211; sofern diese \u00fcbrig bleibt &#8211; befassen wir uns mit Musik und Kunst &#8211; und Boogie Woogie. Wir reisen gerne und lieben es am Meer zu campen. Von Jugend auf hat mich die Mathematik &#8211; speziell das Gebiet der irrationalen Zahlen &#8211; fasziniert. Das Unendliche im Endlichen. Als ich mich an das Pi-Projekt heranwagte, sch\u00fcttelte Andrea erst einmal den Kopf &#8211; sie konnte damit nichts anfangen. Doch je weiter das Projekt voranschritt, umso mehr war ich auf ihre Inspiration angewiesen. Ohne die tatkr\u00e4ftige Unterst\u00fctzung und das Verst\u00e4ndnis meiner Muse w\u00e4re dieser Blog nie entstanden. Daf\u00fcr danke ich ihr.<\/span><\/p>\n<p><a href=\"http:\/\/pi-ramid.com\/de\/wp-content\/uploads\/sites\/3\/2013\/08\/a+W-3.jpg\"><img loading=\"lazy\" class=\"alignnone size-full wp-image-461\" src=\"http:\/\/pi-ramid.com\/de\/wp-content\/uploads\/sites\/3\/2013\/08\/a+W-3.jpg\" alt=\"a+W-3\" width=\"177\" height=\"220\" srcset=\"https:\/\/pi-ramid.com\/de\/wp-content\/uploads\/sites\/3\/2013\/08\/a+W-3.jpg 358w, https:\/\/pi-ramid.com\/de\/wp-content\/uploads\/sites\/3\/2013\/08\/a+W-3-242x300.jpg 242w\" sizes=\"(max-width: 177px) 100vw, 177px\" \/><\/a><\/p>\n<p><a href=\"http:\/\/www.youtube.com\/watch?v=bJjWEplBh5U\" target=\"_blank\" rel=\"noopener\"><span style=\"font-size: medium;\">Hier ist mein Lied f\u00fcr sie<\/span><\/a><\/p>\n<p><a href=\"http:\/\/www.youtube.com\/watch?v=jE3HXb-F0DY\" target=\"_blank\" rel=\"noopener\"><span style=\"font-size: medium;\">Hier ist unser Song an den himmlischen Vater<\/span><\/a><\/p>\n<p><a href=\"http:\/\/soundclick.com\/share.cfm?id=6009990\" target=\"_blank\" rel=\"noopener\"><span style=\"font-size: medium;\">Ein weiterer Song von SANTALAMOUR<\/span><\/a><\/p>\n<p><span style=\"font-size: medium;\"><a href=\"http:\/\/www.soundclick.com\/player\/single_player.cfm?songid=10667550&amp;q=hi&amp;newref=1\" target=\"_blank\" rel=\"noopener\">Und hier noch ein sch\u00f6nes Lied f\u00fcr die Kleinen<\/a><\/span><\/p>\n<p>&nbsp;<\/p>\n<p><strong><em><span style=\"font-size: medium;\">In der Hoffnung, da\u00df dieser Blog alle cleveren Jungs und M\u00e4dels jeden Bereichs, Genres und Alters erreicht, die das Potential des nummerischen Designs irrationaler und transzendenter Zahlen erkennen und dieses Projekt vorantreiben.<\/span><\/em><\/strong><\/p>\n<p><em><span style=\"font-size: medium;\">Wolfgang und Andrea<\/span><\/em><\/p>\n<p>&nbsp;<\/p>\n<p>&nbsp;<\/p>\n","protected":false},"excerpt":{"rendered":"<p>Wir &#8211; das bin ich, Wolfgang, und meine Frau Andrea. Ich bin Grafik Designer und sie ist meine Muse. Unsere 5 Kinder sind inzwischen alle erwachsen und haben teilweise schon eigene Kinder. In unserer freien Zeit &#8211; sofern diese \u00fcbrig&hellip; <\/p>\n","protected":false},"author":1,"featured_media":462,"parent":0,"menu_order":0,"comment_status":"closed","ping_status":"closed","template":"","meta":[],"_links":{"self":[{"href":"https:\/\/pi-ramid.com\/de\/wp-json\/wp\/v2\/pages\/12"}],"collection":[{"href":"https:\/\/pi-ramid.com\/de\/wp-json\/wp\/v2\/pages"}],"about":[{"href":"https:\/\/pi-ramid.com\/de\/wp-json\/wp\/v2\/types\/page"}],"author":[{"embeddable":true,"href":"https:\/\/pi-ramid.com\/de\/wp-json\/wp\/v2\/users\/1"}],"replies":[{"embeddable":true,"href":"https:\/\/pi-ramid.com\/de\/wp-json\/wp\/v2\/comments?post=12"}],"version-history":[{"count":12,"href":"https:\/\/pi-ramid.com\/de\/wp-json\/wp\/v2\/pages\/12\/revisions"}],"predecessor-version":[{"id":884,"href":"https:\/\/pi-ramid.com\/de\/wp-json\/wp\/v2\/pages\/12\/revisions\/884"}],"wp:featuredmedia":[{"embeddable":true,"href":"https:\/\/pi-ramid.com\/de\/wp-json\/wp\/v2\/media\/462"}],"wp:attachment":[{"href":"https:\/\/pi-ramid.com\/de\/wp-json\/wp\/v2\/media?parent=12"}],"curies":[{"name":"wp","href":"https:\/\/api.w.org\/{rel}","templated":true}]}}